{"id":8,"date":"2015-01-08T15:50:04","date_gmt":"2015-01-08T15:50:04","guid":{"rendered":"http:\/\/testmh.php5.cz\/?page_id=8"},"modified":"2024-05-16T15:16:01","modified_gmt":"2024-05-16T13:16:01","slug":"uvod","status":"publish","type":"page","link":"https:\/\/www.inforis.cz\/","title":{"rendered":"\u00davod"},"content":{"rendered":"<div id=\"pl-8\"  class=\"panel-layout\" ><div id=\"pg-8-0\"  class=\"panel-grid panel-has-style\" ><div class=\"siteorigin-panels-stretch panel-row-style panel-row-style-for-8-0\" data-stretch-type=\"full\" ><div id=\"pgc-8-0-0\"  class=\"panel-grid-cell\" ><div id=\"panel-8-0-0-0\" class=\"so-panel widget widget_black-studio-tinymce widget_black_studio_tinymce panel-first-child panel-last-child\" data-index=\"0\" ><div class=\"textwidget\"><h3 class=\"widget-title\"><a title=\"Kdo Jsme\" href=\"http:\/\/www.inforis.cz\/?page_id=11\">Kdo jsme<\/a><\/h3>\n<div class=\"service-image\"><img loading=\"lazy\" decoding=\"async\" class=\"attachment-featured wp-post-image\" title=\"Kdo Jsme\" src=\"http:\/\/www.inforis.cz\/wp-content\/uploads\/2015\/06\/KdoJsme.jpg\" alt=\"Kdo Jsme\" width=\"642\" height=\"257\" \/><\/div>\n<p>Jsme spole\u010dnost, kter\u00e1 se&nbsp;informa\u010dn\u00edmi syst\u00e9my zab\u00fdv\u00e1 ji\u017e&nbsp;30 let. Spravujeme segment z\u00e1kazn\u00edk\u016f v&nbsp;t\u00e9m\u011b\u0159 jak\u00e9mkoliv obchodn\u00edm i&nbsp; v\u00fdrobn\u00edm odv\u011btv\u00ed, kte\u0159\u00ed po\u017eaduj\u00ed komplexn\u00ed \u0159e\u0161en\u00ed. <\/p>\n<p>Sna\u017e\u00edme se&nbsp;b\u00fdt seri\u00f3zn\u00ed. A&nbsp;proto hned na&nbsp;po\u010d\u00e1tku p\u0159\u00edpadn\u00e9 spolupr\u00e1ce, kter\u00e1 se\u00a0m\u016f\u017ee odstartovat pr\u00e1v\u011b n\u00e1v\u0161t\u011bvou tohoto webu, v\u00e1m nebudeme lh\u00e1t.<\/p>\n<p>Nem\u00e1me ani stovky ani tis\u00edce spokojen\u00fdch z\u00e1kazn\u00edk\u016f, proto\u017ee v&nbsp;segmentu na\u0161\u00ed p\u016fsobnosti na&nbsp;trhu je to&nbsp;nesmysl. A&nbsp;m\u011bl by to&nbsp;v\u011bd\u011bt ka\u017ed\u00fd n\u00e1v\u0161t\u011bvn\u00edk, kter\u00fd tu\u00a0skute\u010dn\u011b n\u011bco u\u017eite\u010dn\u00e9ho hled\u00e1.<\/p>\n<p><a href=\"http:\/\/www.inforis.cz\/?page_id=11\">\u010ct\u011bte v\u00edce<\/a><\/p>\n<\/div><\/div><\/div><div id=\"pgc-8-0-1\"  class=\"panel-grid-cell panel-grid-cell-empty\" ><\/div><div id=\"pgc-8-0-2\"  class=\"panel-grid-cell\" ><div id=\"panel-8-0-2-0\" class=\"so-panel widget widget_black-studio-tinymce widget_black_studio_tinymce panel-first-child\" data-index=\"1\" ><h3 class=\"widget-title\">Na\u0161i partne\u0159i<\/h3><div class=\"textwidget\"><\/div><\/div><div id=\"panel-8-0-2-1\" class=\"so-panel widget widget_black-studio-tinymce widget_black_studio_tinymce\" data-index=\"2\" ><div class=\"textwidget\"><p><a href=\"http:\/\/www.inforis.cz\/wp-content\/uploads\/2015\/01\/SAP.png\"><img loading=\"lazy\" decoding=\"async\" class=\"alignnone wp-image-706\" src=\"http:\/\/www.inforis.cz\/wp-content\/uploads\/2015\/01\/SAP.png\" alt=\"\" width=\"135\" height=\"67\" srcset=\"https:\/\/www.inforis.cz\/wp-content\/uploads\/2015\/01\/SAP.png 319w, https:\/\/www.inforis.cz\/wp-content\/uploads\/2015\/01\/SAP-300x148.png 300w\" sizes=\"auto, (max-width: 135px) 100vw, 135px\" \/><\/a><\/p>\n<\/div><\/div><div id=\"panel-8-0-2-2\" class=\"so-panel widget widget_black-studio-tinymce widget_black_studio_tinymce\" data-index=\"3\" ><div class=\"textwidget\"><p><a href=\"http:\/\/www.inforis.cz\/wp-content\/uploads\/2015\/01\/partner-3-e1436971578719.png\"><img loading=\"lazy\" decoding=\"async\" class=\"alignnone wp-image-52 size-full\" src=\"http:\/\/www.inforis.cz\/wp-content\/uploads\/2015\/01\/partner-3-e1436971578719.png\" alt=\"\" width=\"150\" height=\"57\" \/><\/a><\/p>\n<\/div><\/div><div id=\"panel-8-0-2-3\" class=\"so-panel widget widget_black-studio-tinymce widget_black_studio_tinymce panel-last-child\" data-index=\"4\" ><div class=\"textwidget\"><p><a href=\"http:\/\/www.inforis.cz\/wp-content\/uploads\/2015\/01\/logo-prospeks-it-e1436971594928.jpg\"><img loading=\"lazy\" decoding=\"async\" class=\"alignnone wp-image-707 size-full\" src=\"http:\/\/www.inforis.cz\/wp-content\/uploads\/2015\/01\/logo-prospeks-it-e1436971594928.jpg\" alt=\"\" width=\"234\" height=\"76\" srcset=\"https:\/\/www.inforis.cz\/wp-content\/uploads\/2015\/01\/logo-prospeks-it-e1436971594928.jpg 234w, https:\/\/www.inforis.cz\/wp-content\/uploads\/2015\/01\/logo-prospeks-it-e1436971594928-230x76.jpg 230w\" sizes=\"auto, (max-width: 234px) 100vw, 234px\" \/><\/a><\/p>\n<\/div><\/div><\/div><\/div><\/div><div id=\"pg-8-1\"  class=\"panel-grid panel-has-style\" ><div class=\"siteorigin-panels-stretch panel-row-style panel-row-style-for-8-1\" data-stretch-type=\"full\" ><div id=\"pgc-8-1-0\"  class=\"panel-grid-cell\" ><div class=\"panel-cell-style panel-cell-style-for-8-1-0\" ><div id=\"panel-8-1-0-0\" class=\"so-panel widget widget_text panel-first-child panel-last-child\" data-index=\"5\" ><div class=\"panel-widget-style panel-widget-style-for-8-1-0-0\" >\t\t\t<div class=\"textwidget\"><div id=\"content\" class=\"clearfix\">\n\n\t<section id=\"spacious_service_widget-2\" class=\"widget widget_service_block clearfix\">\t\t\t\t\t\t\t<div class=\"tg-one-third\">\n\t\t\t\t\t<div class=\"service-image\"><img loading=\"lazy\" decoding=\"async\" width=\"80\" height=\"80\" src=\"http:\/\/www.inforis.cz\/wp-content\/uploads\/2015\/06\/Database_Interlinked_128.png\" class=\"attachment-featured wp-post-image\" alt=\"time\" \/><\/div>\t\t\t\t\t<h3 class=\"widget-title\"><a title=\"SAP HANA\" href=\"http:\/\/www.inforis.cz\/?page_id=14#SAPHANA\">SAP HANA<\/a><\/h3>\t\t\t\t\t<p>SAP HANA (High Performance Analytics Appliance) je revolu\u010dn\u00ed aplika\u010dn\u00ed a&nbsp;datab\u00e1zov\u00e1 platforma firmy SAP. Umo\u017e\u0148uje rychlej\u0161\u00ed a&nbsp;kvalitn\u011bj\u0161\u00ed rozhodov\u00e1n\u00ed d\u00edky okam\u017eit\u00e9mu p\u0159\u00edstupu k\u00a0v\u011bt\u0161\u00edmu rozsahu dat...<\/p>\n\t\t\t\t\t<div class=\"more-link-wrap\">\n\t\t\t\t\t\t<a class=\"more-link\" title=\"Super Fast Loading\" href=\"http:\/\/www.inforis.cz\/?page_id=14#SAPHANA\">\u010ct\u011bte v\u00edce<\/a>\n\t\t\t\t\t<\/div>\n\t\t\t\t<\/div>\n\t\t\t\t\t\t\t\t\t\t\t<div class=\"tg-one-third\">\n\t\t\t\t\t<div class=\"service-image\"><img loading=\"lazy\" decoding=\"async\" width=\"80\" height=\"80\" src=\"http:\/\/www.inforis.cz\/wp-content\/uploads\/2015\/06\/Smartphone_app_128.png\" class=\"attachment-featured wp-post-image\" alt=\"responsive\" \/><\/div>\t\t\t\t\t<h3 class=\"widget-title\"><a title=\"Responsive Design\" href=\"http:\/\/www.inforis.cz\/?page_id=14#SAPMOBILE\">Mobiln\u00ed aplikace<\/a><\/h3>\t\t\t\t\t<p>S pomoc\u00ed mobiln\u00edho za\u0159\u00edzen\u00ed p\u0159i napojen\u00ed na&nbsp;mate\u0159sk\u00fd syst\u00e9m lze zobrazovat vybran\u00e9 ekonomick\u00e9 ukazatele, prohl\u00ed\u017eet reporty, vzd\u00e1len\u011b schvalovat po\u017eadavky u\u017eivatel\u016f...<\/p>\n\t\t\t\t\t<div class=\"more-link-wrap\">\n\t\t\t\t\t\t<a class=\"more-link\" title=\"Responsive Design\" href=\"http:\/\/www.inforis.cz\/?page_id=14#SAPMOBILE\">\u010ct\u011bte v\u00edce<\/a>\n\t\t\t\t\t<\/div>\n\t\t\t\t<\/div>\n\t\t\t\t\t\t\t\t\t\t\t<div class=\"tg-one-third\">\n\t\t\t\t\t<div class=\"service-image\"><img loading=\"lazy\" decoding=\"async\" width=\"80\" height=\"80\" src=\"http:\/\/www.inforis.cz\/wp-content\/uploads\/2015\/06\/Upload_Cloud_128.png\" class=\"attachment-featured wp-post-image\" alt=\"support\" \/><\/div>\t\t\t\t\t<h3 class=\"widget-title\"><a title=\"SAP To The Cloud\" href=\"http:\/\/www.inforis.cz\/?page_id=14#SAPONDEMAND\">SAP To&nbsp;The Cloud<\/a><\/h3>\t\t\t\t\t<p>SAP Business One OnDemand spo\u010d\u00edv\u00e1 v\u00a0pron\u00e1jmu nejen ve\u0161ker\u00e9ho technick\u00e9ho vybaven\u00ed, ale&nbsp;i&nbsp;licenc\u00ed syst\u00e9mu. P\u0159edstavuje zna\u010dnou \u00fasporu v\u00a0oblasti n\u00e1kupu a&nbsp;provozu technick\u00e9ho vybaven\u00ed... <\/p>\n\t\t\t\t\t<div class=\"more-link-wrap\">\n\t\t\t\t\t\t<a class=\"more-link\" title=\"Awesome Support\" href=\"http:\/\/www.inforis.cz\/?page_id=14#SAPONDEMAND\">\u010ct\u011bte v\u00edce<\/a>\n\t\t\t\t\t<\/div>\n\t\t\t\t<\/div>\n\t\t\t\t\t\t\t\t\t<\/section><\/div>\n\t\t<\/div><\/div><\/div><\/div><\/div><\/div><div id=\"pg-8-2\"  class=\"panel-grid panel-has-style\" ><div class=\"siteorigin-panels-stretch panel-row-style panel-row-style-for-8-2\" data-stretch-type=\"full\" ><div id=\"pgc-8-2-0\"  class=\"panel-grid-cell panel-grid-cell-empty\" ><\/div><\/div><\/div><div id=\"pg-8-3\"  class=\"panel-grid panel-has-style\" ><div class=\"siteorigin-panels-stretch panel-row-style panel-row-style-for-8-3\" data-stretch-type=\"full\" ><div id=\"pgc-8-3-0\"  class=\"panel-grid-cell\" ><div id=\"panel-8-3-0-0\" class=\"so-panel widget widget_text panel-first-child\" data-index=\"6\" ><h3 class=\"widget-title\">Posledn\u00ed aktuality<\/h3>\t\t\t<div class=\"textwidget\"><\/div>\n\t\t<\/div><div id=\"panel-8-3-0-1\" class=\"so-panel widget widget_sow-post-carousel panel-last-child\" data-index=\"7\" ><div\n\t\t\t\n\t\t\tclass=\"so-widget-sow-post-carousel so-widget-sow-post-carousel-base-e9ec3667334e-8\"\n\t\t\t\n\t\t>\t<div\n\t\tclass=\"sow-post-carousel-wrapper sow-post-carousel-theme-base\"\n\t\tstyle=\"overflow: hidden; max-width: 100%; min-height: 182px\"\n\t>\n\t\t<div class=\"sow-carousel-title\">\n\t\t\t<div class=\"sow-carousel-navigation sow-carousel-navigation-hidden\">\n\t\t\t\t\t\t<a href=\"#\" class=\"sow-carousel-next\" title=\"Next\" aria-label=\"Next Posts\" role=\"button\"><\/a>\n\t\t\t\t\t\t<a href=\"#\" class=\"sow-carousel-previous\" title=\"Previous\" aria-label=\"Previous Posts\" role=\"button\"><\/a>\n\t\t\t\t\t<\/div>\n\t<\/div>\n\n<div class=\"sow-carousel-container \">\n\t\t<div class=\"sow-carousel-wrapper\"\n\t\tdata-dir=\"ltr\"\n\t\tstyle=\"opacity: 0;\"\n\t\tdata-widget=\"post\" data-fetching=\"false\" data-page=\"1\" data-ajax-url=\"https:\/\/www.inforis.cz\/wp-admin\/admin-ajax.php?_widgets_nonce=64541e6244\" data-item_count=\"33\" data-carousel_settings=\"{&quot;loop&quot;:true,&quot;animation&quot;:&quot;ease&quot;,&quot;animation_speed&quot;:400,&quot;autoplay&quot;:false,&quot;pauseOnHover&quot;:false,&quot;autoplaySpeed&quot;:8000,&quot;item_overflow&quot;:true,&quot;autoplay_continuous_scroll&quot;:false}\" data-responsive=\"{&quot;desktop_slides_to_scroll&quot;:1,&quot;tablet_landscape_breakpoint&quot;:1366,&quot;tablet_landscape_slides_to_scroll&quot;:2,&quot;tablet_portrait_breakpoint&quot;:1025,&quot;tablet_portrait_slides_to_scroll&quot;:2,&quot;mobile_breakpoint&quot;:480,&quot;mobile_slides_to_scroll&quot;:1}\" data-variable_width=\"true\" \t>\n\t\t<div\n\t\t\tclass=\"sow-carousel-items\"\n\t\t\t\t\t>\n\t\t\t\t<div class=\"sow-carousel-item\" tabindex=\"-1\" style=\"float: left;\">\n\t\t<div class=\"sow-carousel-thumbnail\">\n\t\t\t\t\t\t\t<a\n\t\t\t\t\thref=\"https:\/\/www.inforis.cz\/?p=1433\"\n\t\t\t\t\t\t\t\t\t\tstyle=\"background-image: url( https:\/\/www.inforis.cz\/wp-content\/uploads\/2021\/02\/2021-02-09_135305-272x182.jpg )\"\n\t\t\t\t\taria-labelledby=\"sow-carousel-id-1433\"\n\t\t\t\t\ttabindex=\"-1\"\n\t\t\t\t>\n\t\t\t\t\t<span class=\"overlay\"><\/span>\n\t\t\t\t<\/a>\n\t\t\t\t\t<\/div>\n\t\t<h3 class=\"sow-carousel-item-title\">\n\t\t\t<a\n\t\t\t\thref=\"https:\/\/www.inforis.cz\/?p=1433\"\n\t\t\t\tid=\"sow-carousel-id-1433\"\n\t\t\t\t\t\t\t\ttabindex=\"-1\"\n\t\t\t>\n\n\t\t\t\tNov\u00e1 verze SAP Business One 10.0\t\t\t<\/a>\n\t\t<\/h3>\n\t<\/div>\n\t<div class=\"sow-carousel-item\" tabindex=\"-1\" style=\"float: left;\">\n\t\t<div class=\"sow-carousel-thumbnail\">\n\t\t\t\t\t\t\t<a\n\t\t\t\t\thref=\"https:\/\/www.inforis.cz\/?p=1560\"\n\t\t\t\t\t\t\t\t\t\tstyle=\"background-image: url( https:\/\/www.inforis.cz\/wp-content\/uploads\/2022\/05\/AUTOMA.png )\"\n\t\t\t\t\taria-labelledby=\"sow-carousel-id-1560\"\n\t\t\t\t\ttabindex=\"-1\"\n\t\t\t\t>\n\t\t\t\t\t<span class=\"overlay\"><\/span>\n\t\t\t\t<\/a>\n\t\t\t\t\t<\/div>\n\t\t<h3 class=\"sow-carousel-item-title\">\n\t\t\t<a\n\t\t\t\thref=\"https:\/\/www.inforis.cz\/?p=1560\"\n\t\t\t\tid=\"sow-carousel-id-1560\"\n\t\t\t\t\t\t\t\ttabindex=\"-1\"\n\t\t\t>\n\n\t\t\t\tNa\u0161\u00edm nov\u00fdm z\u00e1kazn\u00edkem je firma Automa CZ, s.r.o.\t\t\t<\/a>\n\t\t<\/h3>\n\t<\/div>\n\t<div class=\"sow-carousel-item\" tabindex=\"-1\" style=\"float: left;\">\n\t\t<div class=\"sow-carousel-thumbnail\">\n\t\t\t\t\t\t\t<a\n\t\t\t\t\thref=\"https:\/\/www.inforis.cz\/?p=1550\"\n\t\t\t\t\t\t\t\t\t\tstyle=\"background-image: url( https:\/\/www.inforis.cz\/wp-content\/uploads\/2022\/02\/STEINEX.png )\"\n\t\t\t\t\taria-labelledby=\"sow-carousel-id-1550\"\n\t\t\t\t\ttabindex=\"-1\"\n\t\t\t\t>\n\t\t\t\t\t<span class=\"overlay\"><\/span>\n\t\t\t\t<\/a>\n\t\t\t\t\t<\/div>\n\t\t<h3 class=\"sow-carousel-item-title\">\n\t\t\t<a\n\t\t\t\thref=\"https:\/\/www.inforis.cz\/?p=1550\"\n\t\t\t\tid=\"sow-carousel-id-1550\"\n\t\t\t\t\t\t\t\ttabindex=\"-1\"\n\t\t\t>\n\n\t\t\t\tSAP Business One pou\u017e\u00edv\u00e1 ku\u0159imsk\u00e1 spole\u010dnost STEINEX a.s.\t\t\t<\/a>\n\t\t<\/h3>\n\t<\/div>\n\t<div class=\"sow-carousel-item\" tabindex=\"-1\" style=\"float: left;\">\n\t\t<div class=\"sow-carousel-thumbnail\">\n\t\t\t\t\t\t\t<a\n\t\t\t\t\thref=\"https:\/\/www.inforis.cz\/?p=1542\"\n\t\t\t\t\t\t\t\t\t\tstyle=\"background-image: url( https:\/\/www.inforis.cz\/wp-content\/uploads\/2022\/01\/2022-01-03_101705-272x182.png )\"\n\t\t\t\t\taria-labelledby=\"sow-carousel-id-1542\"\n\t\t\t\t\ttabindex=\"-1\"\n\t\t\t\t>\n\t\t\t\t\t<span class=\"overlay\"><\/span>\n\t\t\t\t<\/a>\n\t\t\t\t\t<\/div>\n\t\t<h3 class=\"sow-carousel-item-title\">\n\t\t\t<a\n\t\t\t\thref=\"https:\/\/www.inforis.cz\/?p=1542\"\n\t\t\t\tid=\"sow-carousel-id-1542\"\n\t\t\t\t\t\t\t\ttabindex=\"-1\"\n\t\t\t>\n\n\t\t\t\tP\u0159ehledn\u00fd, jasn\u00fd, modern\u00ed. Takov\u00fd je SAP Business One, verze 10.0\t\t\t<\/a>\n\t\t<\/h3>\n\t<\/div>\n\t<div class=\"sow-carousel-item\" tabindex=\"-1\" style=\"float: left;\">\n\t\t<div class=\"sow-carousel-thumbnail\">\n\t\t\t\t\t\t\t<a\n\t\t\t\t\thref=\"https:\/\/www.inforis.cz\/?p=1533\"\n\t\t\t\t\t\t\t\t\t\tstyle=\"background-image: url( https:\/\/www.inforis.cz\/wp-content\/uploads\/2015\/01\/sapB1.jpg )\"\n\t\t\t\t\taria-labelledby=\"sow-carousel-id-1533\"\n\t\t\t\t\ttabindex=\"-1\"\n\t\t\t\t>\n\t\t\t\t\t<span class=\"overlay\"><\/span>\n\t\t\t\t<\/a>\n\t\t\t\t\t<\/div>\n\t\t<h3 class=\"sow-carousel-item-title\">\n\t\t\t<a\n\t\t\t\thref=\"https:\/\/www.inforis.cz\/?p=1533\"\n\t\t\t\tid=\"sow-carousel-id-1533\"\n\t\t\t\t\t\t\t\ttabindex=\"-1\"\n\t\t\t>\n\n\t\t\t\tSAP Business One, \u0159e\u0161en\u00ed, kter\u00e9 v\u00e1m umo\u017en\u00ed snadno a&nbsp;efektivn\u011b \u0159\u00eddit celou firmu.\t\t\t<\/a>\n\t\t<\/h3>\n\t<\/div>\n\t<div class=\"sow-carousel-item\" tabindex=\"-1\" style=\"float: left;\">\n\t\t<div class=\"sow-carousel-thumbnail\">\n\t\t\t\t\t\t\t<a\n\t\t\t\t\thref=\"https:\/\/www.inforis.cz\/?p=1398\"\n\t\t\t\t\t\t\t\t\t\tstyle=\"background-image: url( https:\/\/www.inforis.cz\/wp-content\/uploads\/2019\/05\/KKRV6Hbv-272x182.jpg )\"\n\t\t\t\t\taria-labelledby=\"sow-carousel-id-1398\"\n\t\t\t\t\ttabindex=\"-1\"\n\t\t\t\t>\n\t\t\t\t\t<span class=\"overlay\"><\/span>\n\t\t\t\t<\/a>\n\t\t\t\t\t<\/div>\n\t\t<h3 class=\"sow-carousel-item-title\">\n\t\t\t<a\n\t\t\t\thref=\"https:\/\/www.inforis.cz\/?p=1398\"\n\t\t\t\tid=\"sow-carousel-id-1398\"\n\t\t\t\t\t\t\t\ttabindex=\"-1\"\n\t\t\t>\n\n\t\t\t\tSpole\u010dnost PRIMOCO UAV SE&nbsp;se&nbsp;rozhodla pro&nbsp;\u0159e\u0161en\u00ed SAP Business One\t\t\t<\/a>\n\t\t<\/h3>\n\t<\/div>\n\t<div class=\"sow-carousel-item\" tabindex=\"-1\" style=\"float: left;\">\n\t\t<div class=\"sow-carousel-thumbnail\">\n\t\t\t\t\t\t\t<a\n\t\t\t\t\thref=\"https:\/\/www.inforis.cz\/?p=1352\"\n\t\t\t\t\t\t\t\t\t\tstyle=\"background-image: url( https:\/\/www.inforis.cz\/wp-content\/uploads\/2018\/07\/logo1.jpg )\"\n\t\t\t\t\taria-labelledby=\"sow-carousel-id-1352\"\n\t\t\t\t\ttabindex=\"-1\"\n\t\t\t\t>\n\t\t\t\t\t<span class=\"overlay\"><\/span>\n\t\t\t\t<\/a>\n\t\t\t\t\t<\/div>\n\t\t<h3 class=\"sow-carousel-item-title\">\n\t\t\t<a\n\t\t\t\thref=\"https:\/\/www.inforis.cz\/?p=1352\"\n\t\t\t\tid=\"sow-carousel-id-1352\"\n\t\t\t\t\t\t\t\ttabindex=\"-1\"\n\t\t\t>\n\n\t\t\t\tSpole\u010dnost Forte Beroun spol. s&nbsp;r. o. se&nbsp;rozhodla pro&nbsp;\u0159e\u0161en\u00ed SAP Business One\t\t\t<\/a>\n\t\t<\/h3>\n\t<\/div>\n\t<div class=\"sow-carousel-item\" tabindex=\"-1\" style=\"float: left;\">\n\t\t<div class=\"sow-carousel-thumbnail\">\n\t\t\t\t\t\t\t<a\n\t\t\t\t\thref=\"https:\/\/www.inforis.cz\/?p=1349\"\n\t\t\t\t\t\t\t\t\t\tstyle=\"background-image: url( https:\/\/www.inforis.cz\/wp-content\/uploads\/2018\/07\/logo-e1537367784458.jpg )\"\n\t\t\t\t\taria-labelledby=\"sow-carousel-id-1349\"\n\t\t\t\t\ttabindex=\"-1\"\n\t\t\t\t>\n\t\t\t\t\t<span class=\"overlay\"><\/span>\n\t\t\t\t<\/a>\n\t\t\t\t\t<\/div>\n\t\t<h3 class=\"sow-carousel-item-title\">\n\t\t\t<a\n\t\t\t\thref=\"https:\/\/www.inforis.cz\/?p=1349\"\n\t\t\t\tid=\"sow-carousel-id-1349\"\n\t\t\t\t\t\t\t\ttabindex=\"-1\"\n\t\t\t>\n\n\t\t\t\tDod\u00e1vka \u0159e\u0161en\u00ed SAP Business One\t\t\t<\/a>\n\t\t<\/h3>\n\t<\/div>\n\t<div class=\"sow-carousel-item\" tabindex=\"-1\" style=\"float: left;\">\n\t\t<div class=\"sow-carousel-thumbnail\">\n\t\t\t\t\t\t\t<a\n\t\t\t\t\thref=\"https:\/\/www.inforis.cz\/?p=1345\"\n\t\t\t\t\t\t\t\t\t\tstyle=\"background-image: url( https:\/\/www.inforis.cz\/wp-content\/uploads\/2015\/07\/logo.jpg )\"\n\t\t\t\t\taria-labelledby=\"sow-carousel-id-1345\"\n\t\t\t\t\ttabindex=\"-1\"\n\t\t\t\t>\n\t\t\t\t\t<span class=\"overlay\"><\/span>\n\t\t\t\t<\/a>\n\t\t\t\t\t<\/div>\n\t\t<h3 class=\"sow-carousel-item-title\">\n\t\t\t<a\n\t\t\t\thref=\"https:\/\/www.inforis.cz\/?p=1345\"\n\t\t\t\tid=\"sow-carousel-id-1345\"\n\t\t\t\t\t\t\t\ttabindex=\"-1\"\n\t\t\t>\n\n\t\t\t\tINFORIS partnerem firmy Panep s.r.o.\t\t\t<\/a>\n\t\t<\/h3>\n\t<\/div>\n\t<div class=\"sow-carousel-item\" tabindex=\"-1\" style=\"float: left;\">\n\t\t<div class=\"sow-carousel-thumbnail\">\n\t\t\t\t\t\t\t<a\n\t\t\t\t\thref=\"https:\/\/www.inforis.cz\/?p=1313\"\n\t\t\t\t\t\t\t\t\t\tstyle=\"background-image: url( https:\/\/www.inforis.cz\/wp-content\/uploads\/2017\/05\/coop1-e1494939630508.jpg )\"\n\t\t\t\t\taria-labelledby=\"sow-carousel-id-1313\"\n\t\t\t\t\ttabindex=\"-1\"\n\t\t\t\t>\n\t\t\t\t\t<span class=\"overlay\"><\/span>\n\t\t\t\t<\/a>\n\t\t\t\t\t<\/div>\n\t\t<h3 class=\"sow-carousel-item-title\">\n\t\t\t<a\n\t\t\t\thref=\"https:\/\/www.inforis.cz\/?p=1313\"\n\t\t\t\tid=\"sow-carousel-id-1313\"\n\t\t\t\t\t\t\t\ttabindex=\"-1\"\n\t\t\t>\n\n\t\t\t\tVelkoobchodn\u00ed sklad Jednoty Jind\u0159ich\u016fv Hradec bude \u0159\u00edzen pomoc\u00ed SAP Business One\t\t\t<\/a>\n\t\t<\/h3>\n\t<\/div>\n\t\t<\/div>\n\t\t\t<\/div>\n\n\t<\/div>\n\t\t<input type=\"hidden\" name=\"instance_hash\" value=\"e49567f3\"\/>\n\t<\/div>\n<\/div><\/div><\/div><\/div><\/div><\/div>","protected":false},"excerpt":{"rendered":"<p>Kdo jsme Jsme spole\u010dnost, kter\u00e1 se&nbsp;informa\u010dn\u00edmi syst\u00e9my zab\u00fdv\u00e1 ji\u017e&nbsp;30 let. Spravujeme segment z\u00e1kazn\u00edk\u016f v&nbsp;t\u00e9m\u011b\u0159 jak\u00e9mkoliv obchodn\u00edm i&nbsp; v\u00fdrobn\u00edm odv\u011btv\u00ed, kte\u0159\u00ed po\u017eaduj\u00ed komplexn\u00ed \u0159e\u0161en\u00ed. Sna\u017e\u00edme se&nbsp;b\u00fdt seri\u00f3zn\u00ed. A&nbsp;proto hned na&nbsp;po\u010d\u00e1tku p\u0159\u00edpadn\u00e9 spolupr\u00e1ce, kter\u00e1 se\u00a0m\u016f\u017ee odstartovat pr\u00e1v\u011b n\u00e1v\u0161t\u011bvou tohoto webu, v\u00e1m nebudeme<\/p>\n","protected":false},"author":2,"featured_media":0,"parent":0,"menu_order":0,"comment_status":"closed","ping_status":"open","template":"","meta":{"footnotes":""},"class_list":["post-8","page","type-page","status-publish","hentry"],"_links":{"self":[{"href":"https:\/\/www.inforis.cz\/index.php?rest_route=\/wp\/v2\/pages\/8","targetHints":{"allow":["GET"]}}],"collection":[{"href":"https:\/\/www.inforis.cz\/index.php?rest_route=\/wp\/v2\/pages"}],"about":[{"href":"https:\/\/www.inforis.cz\/index.php?rest_route=\/wp\/v2\/types\/page"}],"author":[{"embeddable":true,"href":"https:\/\/www.inforis.cz\/index.php?rest_route=\/wp\/v2\/users\/2"}],"replies":[{"embeddable":true,"href":"https:\/\/www.inforis.cz\/index.php?rest_route=%2Fwp%2Fv2%2Fcomments&post=8"}],"version-history":[{"count":310,"href":"https:\/\/www.inforis.cz\/index.php?rest_route=\/wp\/v2\/pages\/8\/revisions"}],"predecessor-version":[{"id":1425,"href":"https:\/\/www.inforis.cz\/index.php?rest_route=\/wp\/v2\/pages\/8\/revisions\/1425"}],"wp:attachment":[{"href":"https:\/\/www.inforis.cz\/index.php?rest_route=%2Fwp%2Fv2%2Fmedia&parent=8"}],"curies":[{"name":"wp","href":"https:\/\/api.w.org\/{rel}","templated":true}]}}