{"id":11,"date":"2015-01-08T15:50:16","date_gmt":"2015-01-08T13:50:16","guid":{"rendered":"http:\/\/testmh.php5.cz\/?page_id=11"},"modified":"2023-02-07T16:54:06","modified_gmt":"2023-02-07T14:54:06","slug":"o-nas","status":"publish","type":"page","link":"https:\/\/www.inforis.cz\/?page_id=11","title":{"rendered":"O n\u00e1s"},"content":{"rendered":"<div id=\"pl-11\"  class=\"panel-layout\" ><div id=\"pg-11-0\"  class=\"panel-grid panel-no-style\" ><div id=\"pgc-11-0-0\"  class=\"panel-grid-cell\" ><div id=\"panel-11-0-0-0\" class=\"so-panel widget widget_black-studio-tinymce widget_black_studio_tinymce panel-first-child panel-last-child\" data-index=\"0\" ><div class=\"textwidget\"><blockquote>\n<h3 class=\"widget-title\">Historie spole\u010dnosti<\/h3>\n<p class=\"widget-title\">U\u017e\u00a0v\u00a0roce 1989 byla zalo\u017eena podnikaj\u00edc\u00ed fyzick\u00e1 osoba, kter\u00e1 se\u00a0v\u00a0roce 1996 transformovala do\u00a0dne\u0161n\u00ed spole\u010dnosti INFORIS\u00a0s.r.o.<\/p>\n<p><span style=\"font-family: Helvetica;\">Od\u00a0zalo\u017een\u00ed a\u017e\u00a0do\u00a0roku 2004 se\u00a0na\u0161e firma zab\u00fdvala v\u00fdvojem vlastn\u00edho informa\u010dn\u00edho syst\u00e9mu, kter\u00fd pou\u017e\u00edvaly p\u0159edev\u0161\u00edm tuzemsk\u00e9 velkoobchodn\u00ed a\u00a0maloobchodn\u00ed potravin\u00e1\u0159sk\u00e9 \u0159et\u011bzce.<\/span><\/p>\n<p><span style=\"font-family: Helvetica;\">V\u00a0roce 2005 jsme se\u00a0stali certifikovan\u00fdm partnerem SAP\u00a0\u010cR,\u00a0spol.\u00a0s r.o. pro\u00a0\u0159e\u0161en\u00ed SAP\u00a0Business\u00a0One, kter\u00e9\u00a0dod\u00e1v\u00e1me, implementujeme, servisujeme a\u00a0upravujeme dle pot\u0159eb z\u00e1kazn\u00edk\u016f.<\/span><\/p>\n<p><span style=\"font-family: Helvetica;\">V\u00a0roce 2007 z\u00edskala na\u0161e firma ocen\u011bn\u00ed jako nej\u00fasp\u011b\u0161n\u011bj\u0161\u00ed implementa\u010dn\u00ed partner SAP\u00a0\u010cR pro&nbsp;produkt SAP\u00a0Business\u00a0One v\u00a0\u010cesk\u00e9 republice.<\/span><\/p>\n<p><span style=\"font-family: Helvetica;\">V\u00a0roce 2008 jsme se\u00a0stali kompeten\u010dn\u00edm st\u0159ediskem \u010cR\u00a0a\u00a0SR\u00a0pro\u00a0produkt PPS\u00a0One, v\u00a0t\u00e9 dob\u011b jedin\u00fd mezin\u00e1rodn\u011b certifikovan\u00fd dopln\u011bk SAP\u00a0Business\u00a0One pro\u00a0pl\u00e1nov\u00e1n\u00ed a\u00a0\u0159\u00edzen\u00ed v\u00fdroby od\u00a0\u0161v\u00fdcarsk\u00e9 spole\u010dnosti CP\u00a0CIM-POOL\u00a0AG. Provedli jsme lokalizaci do\u00a0\u010desk\u00e9ho jazyka.<\/span><\/p>\n<p><span style=\"font-family: Helvetica;\">Rok 2015 n\u00e1m p\u0159inesl jako partnerovi SAP nov\u00fd statut, a&nbsp;to: SAP Silver Partner.<\/span><\/p>\n<p><span style=\"font-family: Helvetica;\">Na\u0161e spole\u010dnost byla ocen\u011bna jako nej\u00fasp\u011b\u0161n\u011bj\u0161\u00ed partner SAP v&nbsp;\u010cR pro&nbsp;\u0159e\u0161en\u00ed SAP Business One v&nbsp;z\u00edsk\u00e1v\u00e1n\u00ed nov\u00fdch z\u00e1kazn\u00edk\u016f za&nbsp;rok 2015.<\/span><\/p>\n<p><span style=\"font-family: Helvetica;\">Poskytov\u00e1n\u00ed kvalitn\u00edch servisn\u00edch slu\u017eeb je\u00a0z\u00e1kladem na\u0161ich \u010dinnost\u00ed.<\/span><\/p>\n<p><span style=\"font-family: Helvetica;\"><b>Z mnoha hmatateln\u00fdch v\u00fdsledk\u016f na\u0161\u00ed pr\u00e1ce a\u00a0p\u0159\u00edstupu k&nbsp;z\u00e1kazn\u00edk\u016fm zmi\u0148ujeme, \u017ee:<\/b><\/span><br \/>\n<span style=\"font-family: Helvetica;\">Nejstar\u0161\u00ed dodnes pou\u017e\u00edvan\u00e9 \u0159e\u0161en\u00ed je\u00a0v\u00a0rutinn\u00edm provozu od\u00a0roku 1992 a\u00a0v\u00a0roce 2008 jsme jej p\u0159evedli na&nbsp;produkt SAP\u00a0Business\u00a0One.<\/span><br \/>\n<span style=\"font-family: Helvetica;\"> Obsluhujeme z\u00e1kazn\u00edky, kde\u00a0syst\u00e9m pou\u017e\u00edvaj\u00ed 3\u00a0lid\u00e9, ale\u00a0tak\u00e9 z\u00e1kazn\u00edky \u010d\u00edtaj\u00edc\u00ed des\u00edtky u\u017eivatel\u016f.<\/span><br \/>\n<span style=\"font-family: Helvetica;\"> Se&nbsp;v\u0161emi z\u00e1kazn\u00edky se\u00a0sna\u017e\u00edme p\u011bstovat korektn\u00ed a\u00a0p\u0159\u00e1telsk\u00e9 vztahy zalo\u017een\u00e9 na\u00a0vz\u00e1jemn\u011b prosp\u011b\u0161n\u00e9 spolupr\u00e1ci.<\/span><br \/>\n<span style=\"font-family: Helvetica;\"> Nasb\u00edrali jsme \u0159adu zku\u0161enost\u00ed z\u00a0nejr\u016fzn\u011bj\u0161\u00edch obor\u016f podnik\u00e1n\u00ed a\u00a0to\u00a0ve\u00a0spole\u010dnostech nejr\u016fzn\u011bj\u0161\u00edch velikost\u00ed. Tyto zku\u0161enosti d\u00e1le \u00fasp\u011b\u0161n\u011b prom\u00edt\u00e1me do\u00a0nov\u00fdch i\u00a0st\u00e1vaj\u00edc\u00edch projekt\u016f a\u00a0nab\u00edz\u00edme je\u00a0i\u00a0v\u00e1m.<\/span><\/p><\/blockquote>\n<\/div><\/div><\/div><\/div><div id=\"pg-11-1\"  class=\"panel-grid panel-no-style\" ><div id=\"pgc-11-1-0\"  class=\"panel-grid-cell\" ><br \/>\n<b>Warning<\/b>:  count(): Parameter must be an array or an object that implements Countable in <b>\/data\/web\/virtuals\/109092\/virtual\/www\/wp-content\/plugins\/our-team-by-woothemes\/classes\/class-woothemes-widget-our-team.php<\/b> on line <b>94<\/b><br \/>\n<br \/>\n<b>Warning<\/b>:  count(): Parameter must be an array or an object that implements Countable in <b>\/data\/web\/virtuals\/109092\/virtual\/www\/wp-content\/plugins\/our-team-by-woothemes\/classes\/class-woothemes-widget-our-team.php<\/b> on line <b>98<\/b><br \/>\n<br \/>\n<b>Warning<\/b>:  count(): Parameter must be an array or an object that implements Countable in <b>\/data\/web\/virtuals\/109092\/virtual\/www\/wp-content\/plugins\/our-team-by-woothemes\/classes\/class-woothemes-widget-our-team.php<\/b> on line <b>102<\/b><br \/>\n<div id=\"panel-11-1-0-0\" class=\"so-panel widget widget_woothemes_our_team panel-first-child panel-last-child\" data-index=\"1\" ><div class=\"panel-widget-style panel-widget-style-for-11-1-0-0\" >\n<h3 class=\"widget-title\">N\u00e1\u0161 t\u00fdm<\/h3>\n<div class=\"team-members component effect-fade\">\n<div itemscope itemtype=\"http:\/\/schema.org\/Person\" class=\"team-member first\"><figure itemprop=\"image\"><img loading=\"lazy\" decoding=\"async\" width=\"130\" height=\"130\" src=\"https:\/\/www.inforis.cz\/wp-content\/uploads\/2020\/06\/Roman2-150x150.jpg\" class=\"avatar wp-post-image\" alt=\"\" srcset=\"https:\/\/www.inforis.cz\/wp-content\/uploads\/2020\/06\/Roman2-150x150.jpg 150w, https:\/\/www.inforis.cz\/wp-content\/uploads\/2020\/06\/Roman2-300x300.jpg 300w, https:\/\/www.inforis.cz\/wp-content\/uploads\/2020\/06\/Roman2-1024x1024.jpg 1024w, https:\/\/www.inforis.cz\/wp-content\/uploads\/2020\/06\/Roman2-270x270.jpg 270w, https:\/\/www.inforis.cz\/wp-content\/uploads\/2020\/06\/Roman2-230x230.jpg 230w, https:\/\/www.inforis.cz\/wp-content\/uploads\/2020\/06\/Roman2-59x60.jpg 59w, https:\/\/www.inforis.cz\/wp-content\/uploads\/2020\/06\/Roman2-e1593504812251.jpg 200w\" sizes=\"auto, (max-width: 130px) 100vw, 130px\" \/><\/figure> <h3 itemprop=\"name\" class=\"member\">Roman Martin<\/h3><!--\/.member-->\n <p class=\"role\" itemprop=\"jobTitle\">V\u00fdkonn\u00fd \u0159editel<\/p><!--\/.excerpt-->\n <div id=\"team-member-97\"  class=\"team-member-text\" itemprop=\"description\"><p><span style=\"font-family: Helvetica; color: #000000;\">Absolvent VUT v\u00a0oblasti V\u00fdpo\u010detn\u00ed techniky a&nbsp;informatiky. V&nbsp;roce 2011 se&nbsp;stal ve&nbsp;spole\u010dnosti INFORIS&nbsp;s.r.o. \u0159editelem a&nbsp;druh\u00fdm jednatelem firmy. R\u00e1d cestuje a&nbsp;zaj\u00edm\u00e1 se&nbsp;o&nbsp;ICT novinky.<\/span><\/p>\n <ul class=\"author-details\"><li class=\"our-team-contact-email\" itemprop=\"email\"><a href=\"mailto:roman.martin@inforis.cz\">Email Roman Martin<\/a><\/li><li class=\"our-team-tel\" itemprop=\"telephone\"><span>Tel: <\/span><a href=\"tel:+420 777 173 301\">+420&nbsp;777&nbsp;173&nbsp;301<\/a><\/li><\/ul><\/div><\/div><div itemscope itemtype=\"http:\/\/schema.org\/Person\" class=\"team-member\"><figure itemprop=\"image\"><img loading=\"lazy\" decoding=\"async\" width=\"130\" height=\"130\" src=\"https:\/\/www.inforis.cz\/wp-content\/uploads\/2020\/07\/Petr2-150x150.jpg\" class=\"avatar wp-post-image\" alt=\"\" srcset=\"https:\/\/www.inforis.cz\/wp-content\/uploads\/2020\/07\/Petr2-e1593684955570.jpg 150w, https:\/\/www.inforis.cz\/wp-content\/uploads\/2020\/07\/Petr2-300x300.jpg 300w, https:\/\/www.inforis.cz\/wp-content\/uploads\/2020\/07\/Petr2-1024x1024.jpg 1024w, https:\/\/www.inforis.cz\/wp-content\/uploads\/2020\/07\/Petr2-270x270.jpg 270w, https:\/\/www.inforis.cz\/wp-content\/uploads\/2020\/07\/Petr2-230x230.jpg 230w, https:\/\/www.inforis.cz\/wp-content\/uploads\/2020\/07\/Petr2-59x60.jpg 59w\" sizes=\"auto, (max-width: 130px) 100vw, 130px\" \/><\/figure> <h3 itemprop=\"name\" class=\"member\">Petr Janda<\/h3><!--\/.member-->\n <p class=\"role\" itemprop=\"jobTitle\">Provozn\u00ed \u0159editel, v\u00fdvojov\u00fd pracovn\u00edk<\/p><!--\/.excerpt-->\n <div id=\"team-member-1430\"  class=\"team-member-text\" itemprop=\"description\"><p>Absolvent \u010cVUT fakulty dopravn\u00ed se&nbsp;zam\u011b\u0159en\u00edm na&nbsp;dopravn\u00ed syst\u00e9my. Po&nbsp;dokon\u010den\u00ed studi\u00ed sb\u00edral zku\u0161enosti nejprve v&nbsp;logistice na&nbsp;pozici vedoc\u00edho IT odd\u011blen\u00ed a&nbsp;koordin\u00e1tora proces\u016f, pozd\u011bji jako v\u00fdvojov\u00fd pracovn\u00edk zem\u011bd\u011blsk\u00fdch technologi\u00ed. Koncem roku 2019 se&nbsp;stal v\u00fdvojov\u00fdm pracovn\u00edkem ve&nbsp;spole\u010dnosti INFORIS s.r.o. Mezi jeho z\u00e1liby pat\u0159\u00ed fotografov\u00e1n\u00ed, cyklistika, pr\u00e1ce se&nbsp;d\u0159evem, programov\u00e1n\u00ed jedno\u010dipov\u00fdch po\u010d\u00edta\u010d\u016f.<\/p>\n <ul class=\"author-details\"><li class=\"our-team-contact-email\" itemprop=\"email\"><a href=\"mailto:petr.janda@inforis.cz\">Email Petr Janda<\/a><\/li><li class=\"our-team-tel\" itemprop=\"telephone\"><span>Tel: <\/span><a href=\"tel:+420 773 908 898\">+420&nbsp;773&nbsp;908&nbsp;898<\/a><\/li><\/ul><\/div><\/div><div itemscope itemtype=\"http:\/\/schema.org\/Person\" class=\"team-member\"><figure itemprop=\"image\"><img loading=\"lazy\" decoding=\"async\" width=\"130\" height=\"130\" src=\"https:\/\/www.inforis.cz\/wp-content\/uploads\/2015\/07\/Jirka_kom-copy-150x150.jpg\" class=\"avatar wp-post-image\" alt=\"\" srcset=\"https:\/\/www.inforis.cz\/wp-content\/uploads\/2015\/07\/Jirka_kom-copy-150x150.jpg 150w, https:\/\/www.inforis.cz\/wp-content\/uploads\/2015\/07\/Jirka_kom-copy-270x270.jpg 270w, https:\/\/www.inforis.cz\/wp-content\/uploads\/2015\/07\/Jirka_kom-copy-230x230.jpg 230w, https:\/\/www.inforis.cz\/wp-content\/uploads\/2015\/07\/Jirka_kom-copy-45x45.jpg 45w\" sizes=\"auto, (max-width: 130px) 100vw, 130px\" \/><\/figure> <h3 itemprop=\"name\" class=\"member\">Ji\u0159\u00ed Simon<\/h3><!--\/.member-->\n <p class=\"role\" itemprop=\"jobTitle\">Jednatel spole\u010dnosti, senior SAP konzultant pro&nbsp;oblast v\u00fdroby a&nbsp;ekonomiky<\/p><!--\/.excerpt-->\n <div id=\"team-member-401\"  class=\"team-member-text\" itemprop=\"description\"><p><span style=\"font-family: Helvetica; color: #000000;\">Po studiu \u010cVUT v&nbsp;oboru Ekonomika a&nbsp;\u0159\u00edzen\u00ed za\u010dal sb\u00edrat praktick\u00e9 zku\u0161enosti v&nbsp;roli spr\u00e1vce centr\u00e1ln\u00edho po\u010d\u00edta\u010de ve&nbsp;firm\u011b VODN\u00cd&nbsp;STAVBY&nbsp;s.p. Spole\u010dn\u011b s\u00a0kolegy se&nbsp;v\u00a0roce 1990 spolupod\u00edlel na&nbsp;zalo\u017een\u00ed spole\u010dnosti INFORIS. Mezi jeho kon\u00ed\u010dky pat\u0159\u00ed horsk\u00e1 turistika.<\/span><\/p>\n <ul class=\"author-details\"><li class=\"our-team-contact-email\" itemprop=\"email\"><a href=\"mailto:jiri.simon@inforis.cz\">Email Ji\u0159\u00ed Simon<\/a><\/li><li class=\"our-team-tel\" itemprop=\"telephone\"><span>Tel: <\/span><a href=\"tel:+420 602 431 865\">+420&nbsp;602&nbsp;431&nbsp;865<\/a><\/li><\/ul><\/div><\/div><div itemscope itemtype=\"http:\/\/schema.org\/Person\" class=\"team-member\"><figure itemprop=\"image\"><img loading=\"lazy\" decoding=\"async\" width=\"130\" height=\"130\" src=\"https:\/\/www.inforis.cz\/wp-content\/uploads\/2020\/06\/Marian2-150x150.jpg\" class=\"avatar wp-post-image\" alt=\"\" srcset=\"https:\/\/www.inforis.cz\/wp-content\/uploads\/2020\/06\/Marian2-e1593513944413.jpg 150w, https:\/\/www.inforis.cz\/wp-content\/uploads\/2020\/06\/Marian2-300x300.jpg 300w, https:\/\/www.inforis.cz\/wp-content\/uploads\/2020\/06\/Marian2-1024x1024.jpg 1024w, https:\/\/www.inforis.cz\/wp-content\/uploads\/2020\/06\/Marian2-270x270.jpg 270w, https:\/\/www.inforis.cz\/wp-content\/uploads\/2020\/06\/Marian2-230x230.jpg 230w, https:\/\/www.inforis.cz\/wp-content\/uploads\/2020\/06\/Marian2-59x60.jpg 59w\" sizes=\"auto, (max-width: 130px) 100vw, 130px\" \/><\/figure> <h3 itemprop=\"name\" class=\"member\">Marian Vost\u0159\u00e1k<\/h3><!--\/.member-->\n <p class=\"role\" itemprop=\"jobTitle\">Technick\u00fd specialista<\/p><!--\/.excerpt-->\n <div id=\"team-member-406\"  class=\"team-member-text\" itemprop=\"description\"><p><span style=\"font-family: Helvetica; color: #000000;\">Absolvent st\u0159edn\u00edho odborn\u00e9ho u\u010dili\u0161t\u011b A\u017dD v&nbsp;Brn\u011b. V&nbsp;minulosti pracoval na&nbsp;pozic\u00edch\u00a0\"program\u00e1tor a&nbsp;spr\u00e1vce IT\" a&nbsp;\"implementace a&nbsp;podpora informa\u010dn\u00edho syst\u00e9mu\". Do&nbsp;na\u0161\u00ed spole\u010dnosti nastoupil za\u010d\u00e1tkem \u00fanora 2016 jako technick\u00fd specialista.\u00a0Je aktivn\u00edm ochotn\u00edkem a&nbsp;cyklistou.\u00a0\u00a0<\/span><\/p>\n<p>&nbsp;<\/p>\n <ul class=\"author-details\"><li class=\"our-team-contact-email\" itemprop=\"email\"><a href=\"mailto:marian.vostrak@inforis.cz\">Email Marian Vost\u0159\u00e1k<\/a><\/li><li class=\"our-team-tel\" itemprop=\"telephone\"><span>Tel: <\/span><a href=\"tel:+420 731 641 373\">+420&nbsp;731&nbsp;641&nbsp;373<\/a><\/li><\/ul><\/div><\/div><div itemscope itemtype=\"http:\/\/schema.org\/Person\" class=\"team-member\"><figure itemprop=\"image\"><img loading=\"lazy\" decoding=\"async\" width=\"130\" height=\"130\" src=\"https:\/\/www.inforis.cz\/wp-content\/uploads\/2015\/09\/tyna_kom3bez-150x150.jpg\" class=\"avatar wp-post-image\" alt=\"\" srcset=\"https:\/\/www.inforis.cz\/wp-content\/uploads\/2015\/09\/tyna_kom3bez-150x150.jpg 150w, https:\/\/www.inforis.cz\/wp-content\/uploads\/2015\/09\/tyna_kom3bez-270x270.jpg 270w, https:\/\/www.inforis.cz\/wp-content\/uploads\/2015\/09\/tyna_kom3bez-230x230.jpg 230w\" sizes=\"auto, (max-width: 130px) 100vw, 130px\" \/><\/figure> <h3 itemprop=\"name\" class=\"member\">Krist\u00fdna Voln\u00e1<\/h3><!--\/.member-->\n <p class=\"role\" itemprop=\"jobTitle\">SAP konzultantka pro&nbsp;oblast ekonomiky a&nbsp;\u0159\u00edzen\u00ed n\u00e1kupu a&nbsp;prodeje<\/p><!--\/.excerpt-->\n <div id=\"team-member-1049\"  class=\"team-member-text\" itemprop=\"description\"><p>Vystudovala Fakultu managementu Vysok\u00e9 \u0161koly ekonomick\u00e9 v&nbsp;Praze obor Management. V&nbsp;\u0159\u00edjnu roku 2015 nastoupila do&nbsp;spole\u010dnosti INFORIS\u00a0s.r.o.\u00a0na pozici junior konzultantka pro&nbsp;oblast ekonomiky a&nbsp;\u0159\u00edzen\u00ed n\u00e1kupu a&nbsp;prodeje. Jej\u00edmi kon\u00ed\u010dky jsou \u010detba a&nbsp;plav\u00e1n\u00ed.<\/p>\n<p>&nbsp;<\/p>\n <ul class=\"author-details\"><li class=\"our-team-contact-email\" itemprop=\"email\"><a href=\"mailto:kristyna.volna@inforis.cz\">Email Krist\u00fdna Voln\u00e1<\/a><\/li><li class=\"our-team-tel\" itemprop=\"telephone\"><span>Tel: <\/span><a href=\"tel:+420 735 799 334\">+420&nbsp;735&nbsp;799&nbsp;334<\/a><\/li><\/ul><\/div><\/div><div itemscope itemtype=\"http:\/\/schema.org\/Person\" class=\"team-member\"><figure itemprop=\"image\"><img loading=\"lazy\" decoding=\"async\" width=\"130\" height=\"130\" src=\"https:\/\/www.inforis.cz\/wp-content\/uploads\/2022\/05\/Honza-150x150.jpg\" class=\"avatar wp-post-image\" alt=\"\" srcset=\"https:\/\/www.inforis.cz\/wp-content\/uploads\/2022\/05\/Honza-150x150.jpg 150w, https:\/\/www.inforis.cz\/wp-content\/uploads\/2022\/05\/Honza-270x270.jpg 270w, https:\/\/www.inforis.cz\/wp-content\/uploads\/2022\/05\/Honza-230x230.jpg 230w\" sizes=\"auto, (max-width: 130px) 100vw, 130px\" \/><\/figure> <h3 itemprop=\"name\" class=\"member\">Jan Reindl<\/h3><!--\/.member-->\n <p class=\"role\" itemprop=\"jobTitle\">V\u00fdvojov\u00fd pracovn\u00edk<\/p><!--\/.excerpt-->\n <div id=\"team-member-404\"  class=\"team-member-text\" itemprop=\"description\"><p>Absolvent oboru Informatika na&nbsp;Vysok\u00e9 \u0161kole ekonomick\u00e9 v&nbsp;Praze. Na&nbsp;za\u010d\u00e1tku roku 2021 za\u010dal pracovat ve&nbsp;spole\u010dnosti INFORIS s.r.o. na&nbsp;pozici Full-Stack .NET Developer, kde se&nbsp;zab\u00fdv\u00e1 p\u0159edev\u0161\u00edm v\u00fdvojem desktopov\u00fdch .NET aplikac\u00ed. Krom\u011b programov\u00e1n\u00ed, ekologick\u00e9ho v\u00fdzkumu a&nbsp;poslechu tvrd\u00e9 a&nbsp;klasick\u00e9 hudby na\u0161el tak\u00e9 zat\u00edm hlavn\u011b pasivn\u00ed z\u00e1libu v&nbsp;kov\u00e1\u0159sk\u00e9m \u0159emesle.<\/p>\n<p>&nbsp;<\/p>\n <ul class=\"author-details\"><li class=\"our-team-contact-email\" itemprop=\"email\"><a href=\"mailto:jan.reindl@inforis.cz\">Email Jan Reindl<\/a><\/li><\/ul><\/div><\/div><div itemscope itemtype=\"http:\/\/schema.org\/Person\" class=\"team-member\"><figure itemprop=\"image\"><img loading=\"lazy\" decoding=\"async\" width=\"130\" height=\"130\" src=\"https:\/\/www.inforis.cz\/wp-content\/uploads\/2020\/10\/Jaromir-cr2bez-150x150.jpg\" class=\"avatar wp-post-image\" alt=\"\" \/><\/figure> <h3 itemprop=\"name\" class=\"member\">Jarom\u00edr Matou\u0161ek<\/h3><!--\/.member-->\n <p class=\"role\" itemprop=\"jobTitle\">V\u00fdvojov\u00fd pracovn\u00edk, technick\u00fd specialista<\/p><!--\/.excerpt-->\n <div id=\"team-member-1208\"  class=\"team-member-text\" itemprop=\"description\"><p><span style=\"font-family: Helvetica; color: #000000;\">Po studiu na&nbsp;\u010cesk\u00e9 zem\u011bd\u011blsk\u00e9 univerzit\u011b v\u00a0Praze pracoval jako program\u00e1tor v\u00a0n\u011bkolika firm\u00e1ch. Sv\u00e9 zku\u0161enosti a&nbsp;mnohaletou praxi z\u00faro\u010duje od z\u00e1\u0159\u00ed 2016 v&nbsp;na\u0161\u00ed spole\u010dnosti. Je aktivn\u00edm sportovcem (triatlon) i&nbsp;hudebn\u00edkem (akordeon).<\/span><\/p>\n<p>&nbsp;<\/p>\n <ul class=\"author-details\"><li class=\"our-team-contact-email\" itemprop=\"email\"><a href=\"mailto:jaromir.matousek@inforis.cz\">Email Jarom\u00edr Matou\u0161ek<\/a><\/li><li class=\"our-team-tel\" itemprop=\"telephone\"><span>Tel: <\/span><a href=\"tel:+420 702 195 365\">+420&nbsp;702&nbsp;195&nbsp;365<\/a><\/li><\/ul><\/div><\/div><\/div><!--\/.team-members-->\n<\/div><\/div>\n<\/div><\/div><\/div>","protected":false},"excerpt":{"rendered":"<p>V\u00fdvojov\u00fd pracovn\u00edk, technick\u00fd specialista Historie spole\u010dnosti U\u017e&nbsp;v&nbsp;roce 1989 byla zalo\u017eena podnikaj\u00edc\u00ed fyzick\u00e1 osoba, kter\u00e1 se&nbsp;v&nbsp;roce 1996 transformovala do&nbsp;dne\u0161n\u00ed spole\u010dnosti INFORIS&nbsp;s.r.o. Od&nbsp;zalo\u017een\u00ed a\u017e&nbsp;do&nbsp;roku 2004 se&nbsp;na\u0161e firma zab\u00fdvala v\u00fdvojem vlastn\u00edho informa\u010dn\u00edho syst\u00e9mu, kter\u00fd pou\u017e\u00edvaly p\u0159edev\u0161\u00edm tuzemsk\u00e9 velkoobchodn\u00ed a&nbsp;maloobchodn\u00ed potravin\u00e1\u0159sk\u00e9 \u0159et\u011bzce. V&nbsp;roce 2005<\/p>\n","protected":false},"author":2,"featured_media":0,"parent":0,"menu_order":2,"comment_status":"closed","ping_status":"closed","template":"","meta":{"footnotes":""},"class_list":["post-11","page","type-page","status-publish","hentry"],"_links":{"self":[{"href":"https:\/\/www.inforis.cz\/index.php?rest_route=\/wp\/v2\/pages\/11","targetHints":{"allow":["GET"]}}],"collection":[{"href":"https:\/\/www.inforis.cz\/index.php?rest_route=\/wp\/v2\/pages"}],"about":[{"href":"https:\/\/www.inforis.cz\/index.php?rest_route=\/wp\/v2\/types\/page"}],"author":[{"embeddable":true,"href":"https:\/\/www.inforis.cz\/index.php?rest_route=\/wp\/v2\/users\/2"}],"replies":[{"embeddable":true,"href":"https:\/\/www.inforis.cz\/index.php?rest_route=%2Fwp%2Fv2%2Fcomments&post=11"}],"version-history":[{"count":110,"href":"https:\/\/www.inforis.cz\/index.php?rest_route=\/wp\/v2\/pages\/11\/revisions"}],"predecessor-version":[{"id":725,"href":"https:\/\/www.inforis.cz\/index.php?rest_route=\/wp\/v2\/pages\/11\/revisions\/725"}],"wp:attachment":[{"href":"https:\/\/www.inforis.cz\/index.php?rest_route=%2Fwp%2Fv2%2Fmedia&parent=11"}],"curies":[{"name":"wp","href":"https:\/\/api.w.org\/{rel}","templated":true}]}}